{"id":135,"date":"2017-10-02T20:26:20","date_gmt":"2017-10-02T19:26:20","guid":{"rendered":"http:\/\/restaurant-erlen.ch\/wordpress\/?page_id=135"},"modified":"2017-10-02T20:26:20","modified_gmt":"2017-10-02T19:26:20","slug":"allergene","status":"publish","type":"page","link":"https:\/\/restaurant-erlen.ch\/wordpress\/allergene\/","title":{"rendered":"Allergene"},"content":{"rendered":"<p>Lieber Gast<\/p>\n<p>Ihre Gesundheit liegt uns am Herzen. Unser kreatives K\u00fcchenteam verziert die Speisen gerne hier und dort noch mit einer kleiner Dekoration. Da wir nicht auf diese verzichten m\u00f6chten, haben wir uns entschlossen, auf die Allergene-Deklaration bei jeder Speise zu verzichten.<\/p>\n<p>Wir bitten Sie deshalb, unsere Servicepersonal vor der Bestellung unbedingt \u00fcber Ihre Lebensmittel-Allergien zu informieren, was Sie NICHT essen d\u00fcrfen. Unser Personal hilft Ihnen gerne weiter und leitet diese Informationen angschliessend an unser K\u00fcchenteam weiter. So k\u00f6nnen wir gezielt auf Sie R\u00fccksicht nehmen.<\/p>\n<p>Besten Dank f\u00fcr Ihre Mithilfe<\/p>\n","protected":false},"excerpt":{"rendered":"<p>Lieber Gast Ihre Gesundheit liegt uns am Herzen. Unser kreatives K\u00fcchenteam verziert die Speisen gerne hier und dort noch mit[&#8230;]<\/p>\n","protected":false},"author":3,"featured_media":0,"parent":0,"menu_order":0,"comment_status":"closed","ping_status":"closed","template":"","meta":{"footnotes":""},"class_list":["post-135","page","type-page","status-publish","hentry"],"_links":{"self":[{"href":"https:\/\/restaurant-erlen.ch\/wordpress\/wp-json\/wp\/v2\/pages\/135","targetHints":{"allow":["GET"]}}],"collection":[{"href":"https:\/\/restaurant-erlen.ch\/wordpress\/wp-json\/wp\/v2\/pages"}],"about":[{"href":"https:\/\/restaurant-erlen.ch\/wordpress\/wp-json\/wp\/v2\/types\/page"}],"author":[{"embeddable":true,"href":"https:\/\/restaurant-erlen.ch\/wordpress\/wp-json\/wp\/v2\/users\/3"}],"replies":[{"embeddable":true,"href":"https:\/\/restaurant-erlen.ch\/wordpress\/wp-json\/wp\/v2\/comments?post=135"}],"version-history":[{"count":1,"href":"https:\/\/restaurant-erlen.ch\/wordpress\/wp-json\/wp\/v2\/pages\/135\/revisions"}],"predecessor-version":[{"id":136,"href":"https:\/\/restaurant-erlen.ch\/wordpress\/wp-json\/wp\/v2\/pages\/135\/revisions\/136"}],"wp:attachment":[{"href":"https:\/\/restaurant-erlen.ch\/wordpress\/wp-json\/wp\/v2\/media?parent=135"}],"curies":[{"name":"wp","href":"https:\/\/api.w.org\/{rel}","templated":true}]}}