{"id":335,"date":"2019-05-20T08:07:02","date_gmt":"2019-05-20T07:07:02","guid":{"rendered":"http:\/\/restaurant-erlen.ch\/?page_id=335"},"modified":"2024-07-19T21:17:32","modified_gmt":"2024-07-19T20:17:32","slug":"aktuelles","status":"publish","type":"page","link":"https:\/\/restaurant-erlen.ch\/wordpress\/aktuelles\/","title":{"rendered":"Aktuelles"},"content":{"rendered":"<div class=\"wpb-content-wrapper\"><p>[vc_row][vc_column][vc_column_text css=&#8220;&#8220;]F\u00fcr Detailinformationen zu unseren aktuellen Angeboten \u00f6ffnen Sie das Men\u00fc AKTUELLES und klicken direkt auf ein Angebot das Sie interessieret.<\/p>\n<p>Folgende Spezialit\u00e4ten sind auch f\u00fcr das kommende Jahr geplant:<br \/>\n&#8211; DINNER FOR TWO<br \/>\n&#8211; SUSHI BUFFET<br \/>\n&#8211; G\u00dcGGELI ABEND[\/vc_column_text][\/vc_column][\/vc_row]<\/p>\n<\/div>","protected":false},"excerpt":{"rendered":"<p>[vc_row][vc_column][vc_column_text css=&#8220;&#8220;]F\u00fcr Detailinformationen zu unseren aktuellen Angeboten \u00f6ffnen Sie das Men\u00fc AKTUELLES und klicken direkt auf ein Angebot das Sie[&#8230;]<\/p>\n","protected":false},"author":3,"featured_media":0,"parent":0,"menu_order":0,"comment_status":"closed","ping_status":"closed","template":"","meta":{"footnotes":""},"class_list":["post-335","page","type-page","status-publish","hentry"],"_links":{"self":[{"href":"https:\/\/restaurant-erlen.ch\/wordpress\/wp-json\/wp\/v2\/pages\/335","targetHints":{"allow":["GET"]}}],"collection":[{"href":"https:\/\/restaurant-erlen.ch\/wordpress\/wp-json\/wp\/v2\/pages"}],"about":[{"href":"https:\/\/restaurant-erlen.ch\/wordpress\/wp-json\/wp\/v2\/types\/page"}],"author":[{"embeddable":true,"href":"https:\/\/restaurant-erlen.ch\/wordpress\/wp-json\/wp\/v2\/users\/3"}],"replies":[{"embeddable":true,"href":"https:\/\/restaurant-erlen.ch\/wordpress\/wp-json\/wp\/v2\/comments?post=335"}],"version-history":[{"count":4,"href":"https:\/\/restaurant-erlen.ch\/wordpress\/wp-json\/wp\/v2\/pages\/335\/revisions"}],"predecessor-version":[{"id":954,"href":"https:\/\/restaurant-erlen.ch\/wordpress\/wp-json\/wp\/v2\/pages\/335\/revisions\/954"}],"wp:attachment":[{"href":"https:\/\/restaurant-erlen.ch\/wordpress\/wp-json\/wp\/v2\/media?parent=335"}],"curies":[{"name":"wp","href":"https:\/\/api.w.org\/{rel}","templated":true}]}}