{"id":51,"date":"2017-09-07T15:57:53","date_gmt":"2017-09-07T14:57:53","guid":{"rendered":"http:\/\/restaurant-erlen.ch\/wordpress\/?page_id=51"},"modified":"2020-09-19T16:27:52","modified_gmt":"2020-09-19T15:27:52","slug":"raumangebot","status":"publish","type":"page","link":"https:\/\/restaurant-erlen.ch\/wordpress\/raumangebot\/","title":{"rendered":"Raumangebot"},"content":{"rendered":"<div class=\"wpb-content-wrapper\"><p>[vc_row][vc_column][vc_column_text]<img loading=\"lazy\" decoding=\"async\" class=\"alignnone size-medium wp-image-208\" src=\"http:\/\/restaurant-erlen.ch\/wp-content\/uploads\/2017\/10\/0003_Erlen_Ibach-300x200.jpg\" alt=\"\" width=\"300\" height=\"200\" srcset=\"https:\/\/restaurant-erlen.ch\/wordpress\/wp-content\/uploads\/2017\/10\/0003_Erlen_Ibach-300x200.jpg 300w, https:\/\/restaurant-erlen.ch\/wordpress\/wp-content\/uploads\/2017\/10\/0003_Erlen_Ibach-768x512.jpg 768w, https:\/\/restaurant-erlen.ch\/wordpress\/wp-content\/uploads\/2017\/10\/0003_Erlen_Ibach-1024x683.jpg 1024w, https:\/\/restaurant-erlen.ch\/wordpress\/wp-content\/uploads\/2017\/10\/0003_Erlen_Ibach-840x560.jpg 840w, https:\/\/restaurant-erlen.ch\/wordpress\/wp-content\/uploads\/2017\/10\/0003_Erlen_Ibach-120x80.jpg 120w, https:\/\/restaurant-erlen.ch\/wordpress\/wp-content\/uploads\/2017\/10\/0003_Erlen_Ibach-360x240.jpg 360w, https:\/\/restaurant-erlen.ch\/wordpress\/wp-content\/uploads\/2017\/10\/0003_Erlen_Ibach-600x400.jpg 600w\" sizes=\"auto, (max-width: 300px) 100vw, 300px\" \/><img loading=\"lazy\" decoding=\"async\" class=\"alignnone size-medium wp-image-214\" src=\"http:\/\/restaurant-erlen.ch\/wp-content\/uploads\/2017\/10\/0009_Erlen_Ibach-300x200.jpg\" alt=\"\" width=\"300\" height=\"200\" srcset=\"https:\/\/restaurant-erlen.ch\/wordpress\/wp-content\/uploads\/2017\/10\/0009_Erlen_Ibach-300x200.jpg 300w, https:\/\/restaurant-erlen.ch\/wordpress\/wp-content\/uploads\/2017\/10\/0009_Erlen_Ibach-768x512.jpg 768w, https:\/\/restaurant-erlen.ch\/wordpress\/wp-content\/uploads\/2017\/10\/0009_Erlen_Ibach-1024x683.jpg 1024w, https:\/\/restaurant-erlen.ch\/wordpress\/wp-content\/uploads\/2017\/10\/0009_Erlen_Ibach-840x560.jpg 840w, https:\/\/restaurant-erlen.ch\/wordpress\/wp-content\/uploads\/2017\/10\/0009_Erlen_Ibach-120x80.jpg 120w, https:\/\/restaurant-erlen.ch\/wordpress\/wp-content\/uploads\/2017\/10\/0009_Erlen_Ibach-360x240.jpg 360w, https:\/\/restaurant-erlen.ch\/wordpress\/wp-content\/uploads\/2017\/10\/0009_Erlen_Ibach-600x400.jpg 600w\" sizes=\"auto, (max-width: 300px) 100vw, 300px\" \/><img loading=\"lazy\" decoding=\"async\" class=\"alignnone size-medium wp-image-210\" src=\"http:\/\/restaurant-erlen.ch\/wp-content\/uploads\/2017\/10\/0005_Erlen_Ibach-300x200.jpg\" alt=\"\" width=\"300\" height=\"200\" srcset=\"https:\/\/restaurant-erlen.ch\/wordpress\/wp-content\/uploads\/2017\/10\/0005_Erlen_Ibach-300x200.jpg 300w, https:\/\/restaurant-erlen.ch\/wordpress\/wp-content\/uploads\/2017\/10\/0005_Erlen_Ibach-768x512.jpg 768w, https:\/\/restaurant-erlen.ch\/wordpress\/wp-content\/uploads\/2017\/10\/0005_Erlen_Ibach-1024x683.jpg 1024w, https:\/\/restaurant-erlen.ch\/wordpress\/wp-content\/uploads\/2017\/10\/0005_Erlen_Ibach-840x560.jpg 840w, https:\/\/restaurant-erlen.ch\/wordpress\/wp-content\/uploads\/2017\/10\/0005_Erlen_Ibach-120x80.jpg 120w, https:\/\/restaurant-erlen.ch\/wordpress\/wp-content\/uploads\/2017\/10\/0005_Erlen_Ibach-360x240.jpg 360w, https:\/\/restaurant-erlen.ch\/wordpress\/wp-content\/uploads\/2017\/10\/0005_Erlen_Ibach-600x400.jpg 600w\" sizes=\"auto, (max-width: 300px) 100vw, 300px\" \/><img loading=\"lazy\" decoding=\"async\" class=\"alignnone size-medium wp-image-218\" src=\"http:\/\/restaurant-erlen.ch\/wp-content\/uploads\/2017\/10\/0013_Erlen_Ibach-300x200.jpg\" alt=\"\" width=\"300\" height=\"200\" srcset=\"https:\/\/restaurant-erlen.ch\/wordpress\/wp-content\/uploads\/2017\/10\/0013_Erlen_Ibach-300x200.jpg 300w, https:\/\/restaurant-erlen.ch\/wordpress\/wp-content\/uploads\/2017\/10\/0013_Erlen_Ibach-768x512.jpg 768w, https:\/\/restaurant-erlen.ch\/wordpress\/wp-content\/uploads\/2017\/10\/0013_Erlen_Ibach-1024x683.jpg 1024w, https:\/\/restaurant-erlen.ch\/wordpress\/wp-content\/uploads\/2017\/10\/0013_Erlen_Ibach-840x560.jpg 840w, https:\/\/restaurant-erlen.ch\/wordpress\/wp-content\/uploads\/2017\/10\/0013_Erlen_Ibach-120x80.jpg 120w, https:\/\/restaurant-erlen.ch\/wordpress\/wp-content\/uploads\/2017\/10\/0013_Erlen_Ibach-360x240.jpg 360w, https:\/\/restaurant-erlen.ch\/wordpress\/wp-content\/uploads\/2017\/10\/0013_Erlen_Ibach-600x400.jpg 600w\" sizes=\"auto, (max-width: 300px) 100vw, 300px\" \/><\/p>\n<p>Das Restaurant Erlen bietet Platz f\u00fcr&#8230;<\/p>\n<ul>\n<li>40 G\u00e4ste im Restaurant<\/li>\n<li>30 G\u00e4ste auf der vorderen Terrasse<\/li>\n<li>20 G\u00e4ste auf der hinteren Terrasse (beim Spielplatz)<\/li>\n<li>max. 70 G\u00e4ste im Saal (Bankette, Vereinsessen etc.)<\/li>\n<\/ul>\n<p>Der Saal ist mit einem in der Decke versenkten Beamer und Leinwand sowie WLAN ausgestattet.<\/p>\n<hr \/>\n<p>In unserem Restaurant k\u00f6nnen wir Ihnen einen separat abgetrennten Raum zur Verf\u00fcgung stellen.<br \/>\nJe nach Bedarf l\u00e4sst sich dieser f\u00fcr max. 25 Personen (kleiner Raum) oder max. 60-70 Personen (grosser Raum) abtrennen.<\/p>\n<p><u>Eignung<\/u><br \/>\nVersammlungen, Vortr\u00e4ge, Buchvernissagen, Seminare etc.<\/p>\n<p><u>Technik<\/u><br \/>\nBeamer und Leinwand (in der Decke versenkt), WLAN<\/p>\n<p><u>Mindestkonsumation<\/u><br \/>\nkleiner Saal CHF 250.- \/ Halbtag oder Abend<br \/>\ninkl. Saalmiete<br \/>\ngrosser Saal CHF 550.- \/ Halbtag oder Abend<br \/>\ninkl. Saalmiete[\/vc_column_text][\/vc_column][\/vc_row]<\/p>\n<\/div>","protected":false},"excerpt":{"rendered":"<p>[vc_row][vc_column][vc_column_text] Das Restaurant Erlen bietet Platz f\u00fcr&#8230; 40 G\u00e4ste im Restaurant 30 G\u00e4ste auf der vorderen Terrasse 20 G\u00e4ste auf[&#8230;]<\/p>\n","protected":false},"author":3,"featured_media":0,"parent":0,"menu_order":0,"comment_status":"closed","ping_status":"closed","template":"page.php","meta":{"footnotes":""},"class_list":["post-51","page","type-page","status-publish","hentry"],"_links":{"self":[{"href":"https:\/\/restaurant-erlen.ch\/wordpress\/wp-json\/wp\/v2\/pages\/51","targetHints":{"allow":["GET"]}}],"collection":[{"href":"https:\/\/restaurant-erlen.ch\/wordpress\/wp-json\/wp\/v2\/pages"}],"about":[{"href":"https:\/\/restaurant-erlen.ch\/wordpress\/wp-json\/wp\/v2\/types\/page"}],"author":[{"embeddable":true,"href":"https:\/\/restaurant-erlen.ch\/wordpress\/wp-json\/wp\/v2\/users\/3"}],"replies":[{"embeddable":true,"href":"https:\/\/restaurant-erlen.ch\/wordpress\/wp-json\/wp\/v2\/comments?post=51"}],"version-history":[{"count":5,"href":"https:\/\/restaurant-erlen.ch\/wordpress\/wp-json\/wp\/v2\/pages\/51\/revisions"}],"predecessor-version":[{"id":469,"href":"https:\/\/restaurant-erlen.ch\/wordpress\/wp-json\/wp\/v2\/pages\/51\/revisions\/469"}],"wp:attachment":[{"href":"https:\/\/restaurant-erlen.ch\/wordpress\/wp-json\/wp\/v2\/media?parent=51"}],"curies":[{"name":"wp","href":"https:\/\/api.w.org\/{rel}","templated":true}]}}