{"id":865,"date":"2023-11-14T17:03:08","date_gmt":"2023-11-14T16:03:08","guid":{"rendered":"https:\/\/restaurant-erlen.ch\/wordpress\/?page_id=865"},"modified":"2025-11-02T20:00:47","modified_gmt":"2025-11-02T19:00:47","slug":"dinner-for-two","status":"publish","type":"page","link":"https:\/\/restaurant-erlen.ch\/wordpress\/aktuelles\/dinner-for-two\/","title":{"rendered":"DINNER FOR TWO"},"content":{"rendered":"<div class=\"wpb-content-wrapper\"><p>[vc_row][vc_column][vc_column_text css=&#8220;&#8220;]<\/p>\n<h2><strong> <img loading=\"lazy\" decoding=\"async\" class=\"size-full wp-image-972 alignleft\" src=\"https:\/\/restaurant-erlen.ch\/wordpress\/wp-content\/uploads\/2025\/11\/restaurant-erlen_dinner-for-two.jpg\" alt=\"Restaurant Erlen, Ibach - Dinner for two\" width=\"300\" height=\"199\">Doppelter Genuss mit dem<\/strong><\/h2>\n<p><strong>&#8218;DINNER FOR TWO&#8216;-B\u00fcchlein 2026<\/strong><\/p>\n<p>Das <strong>&#8218;DINNER FOR TWO&#8216;-Genussb\u00fcchlein f\u00fcr das Jahr 2026<\/strong> ist ab sofort in limitierter Auflage erh\u00e4ltlich und pr\u00e4sentiert Ihnen eine Auswahl von 15 der f\u00fchrenden Restaurants des Kantons Zug bis in die Region Schwyz, die mit herausragender K\u00fcche, einzigartigem Ambiente und \u00fcberdurchschnittlicher Gastfreundschaft begeistern.<\/p>\n<p>Mit dem &#8218;DINNER FOR TWO&#8216;-Angebot haben Sie die M\u00f6glichkeit, die regionale Gastrolandschaft zu erkunden und neue kulinarische Highlights zu entdecken. <strong>Geniessen Sie zu zweit ein k\u00f6stliches Dinner nach Wahl \u2013 und das Beste: Der g\u00fcnstigere Hauptgang von beiden Personen geht jeweils aufs Haus!<\/strong><\/p>\n<p>Das Genussb\u00fcchlein hat einen Wert von rund CHF 600.\u2013 und amortisiert sich bereits nach nur zwei Restaurant-Besuchen. Es ist das perfekte Geschenk f\u00fcr alle, die exquisite K\u00fcche und kulinarische Abende sch\u00e4tzen.<\/p>\n<p><strong>Unsere gesch\u00e4tzten G\u00e4ste erhalten das &#8218;Dinner for two&#8216;-Genussb\u00fcchlein zum Vorzugspreis von nur CHF 69.\u2013, anstatt CHF 74.\u2013.<\/strong> Tauchen Sie ein in 15 unvergessliche Abende voller Genuss und lassen Sie sich kulinarisch verw\u00f6hnen.<\/p>\n<p>Verwenden Sie bei Ihrer Bestellung den <strong>Gutscheincode SU7S24<\/strong> und sichern Sie sich eines der limitierten &#8218;DINNER FOR TWO&#8216;-B\u00fcchlein f\u00fcr das Jahr 2026.<\/p>\n<p><strong>Weitere Infos zu den beteiligten Restaurants und Bestellungen unter <a href=\"https:\/\/www.dinner-for-two.ch\/\" target=\"_blank\" rel=\"noopener\">www.dinner-for-two.ch<\/a><\/strong><\/p>\n<p><span style=\"color: #ff0000;\">PS: Wissen Sie noch nicht, was Sie zu Weihnachten schenken wollen? &#8218;DINNER FOR TWO&#8216; w\u00e4re ein originelles Geschenk \u2026 f\u00fcr Freunde und Familie oder als anerkennendes Pr\u00e4sent f\u00fcr Gesch\u00e4ftspartner und Mitarbeitende.<\/span>[\/vc_column_text][\/vc_column][\/vc_row]<\/p>\n<\/div>","protected":false},"excerpt":{"rendered":"<p>[vc_row][vc_column][vc_column_text css=&#8220;&#8220;] Doppelter Genuss mit dem &#8218;DINNER FOR TWO&#8216;-B\u00fcchlein 2026 Das &#8218;DINNER FOR TWO&#8216;-Genussb\u00fcchlein f\u00fcr das Jahr 2026 ist ab[&#8230;]<\/p>\n","protected":false},"author":3,"featured_media":0,"parent":335,"menu_order":2,"comment_status":"closed","ping_status":"closed","template":"","meta":{"footnotes":""},"class_list":["post-865","page","type-page","status-publish","hentry"],"_links":{"self":[{"href":"https:\/\/restaurant-erlen.ch\/wordpress\/wp-json\/wp\/v2\/pages\/865","targetHints":{"allow":["GET"]}}],"collection":[{"href":"https:\/\/restaurant-erlen.ch\/wordpress\/wp-json\/wp\/v2\/pages"}],"about":[{"href":"https:\/\/restaurant-erlen.ch\/wordpress\/wp-json\/wp\/v2\/types\/page"}],"author":[{"embeddable":true,"href":"https:\/\/restaurant-erlen.ch\/wordpress\/wp-json\/wp\/v2\/users\/3"}],"replies":[{"embeddable":true,"href":"https:\/\/restaurant-erlen.ch\/wordpress\/wp-json\/wp\/v2\/comments?post=865"}],"version-history":[{"count":10,"href":"https:\/\/restaurant-erlen.ch\/wordpress\/wp-json\/wp\/v2\/pages\/865\/revisions"}],"predecessor-version":[{"id":1044,"href":"https:\/\/restaurant-erlen.ch\/wordpress\/wp-json\/wp\/v2\/pages\/865\/revisions\/1044"}],"up":[{"embeddable":true,"href":"https:\/\/restaurant-erlen.ch\/wordpress\/wp-json\/wp\/v2\/pages\/335"}],"wp:attachment":[{"href":"https:\/\/restaurant-erlen.ch\/wordpress\/wp-json\/wp\/v2\/media?parent=865"}],"curies":[{"name":"wp","href":"https:\/\/api.w.org\/{rel}","templated":true}]}}